{"id":3265,"date":"2018-04-11T13:30:29","date_gmt":"2018-04-11T13:30:29","guid":{"rendered":"https:\/\/www.goldenniletravel.com\/blog\/"},"modified":"2024-08-16T18:33:35","modified_gmt":"2024-08-16T18:33:35","slug":"blog","status":"publish","type":"page","link":"https:\/\/goldenniletravel.com\/pt-pt\/blog\/","title":{"rendered":"Blog"},"content":{"rendered":"<div class=\"wpb-content-wrapper\"><p>[vc_row][vc_column width=&#8221;1\/2&#8243; css=&#8221;.vc_custom_1499951634504{padding-right: 0px !important;padding-left: 0px !important;}&#8221;]<!--START MASONRY--><div class=\"nd_options_section nd_options_masonry_content post-one \">\n\t\t<div class=\" nd_options_width_100_percentage nd_options_padding_15 nd_options_box_sizing_border_box nd_options_masonry_item nd_options_width_100_percentage_responsive\">\n\t\t    \t\n\t\t    <img decoding=\"async\" class=\"nd_options_section nd_options_display_none nd_options_display_block_all_iphone\" src=\"https:\/\/goldenniletravel.com\/wp-content\/uploads\/2018\/04\/destination-12.jpg\">\n\n\t\t    <div style=\"background-color:#5dcab2\" class=\"nd_options_section nd_options_display_table\"><div style=\"background-image:url(https:\/\/goldenniletravel.com\/wp-content\/uploads\/2018\/04\/destination-12.jpg)\" class=\"nd_options_width_50_percentage nd_options_width_100_percentage_all_iphone nd_options_display_table_cell nd_options_display_block_all_iphone nd_options_background_position_center nd_options_background_repeat_no_repeat nd_options_background_size_cover\"><\/div>\n\t\t        <div class=\"nd_options_width_50_percentage nd_options_width_100_percentage_all_iphone nd_options_display_table_cell nd_options_display_block_all_iphone\">\n\n\t\t        \t<div class=\"nd_options_section nd_options_padding_30 nd_options_box_sizing_border_box\">\n\t\t\t            <p class=\"nd_options_margin_0_important nd_options_padding_0 nd_options_second_font nd_options_color_white nd_options_text_transform_uppercase nd_options_letter_spacing_2 nd_options_font_weight_normal\">Travel Tips <\/p>\n\t\t\t            <div class=\"nd_options_section nd_options_height_5\"><\/div>\n\t\t\t            <h3 class=\"nd_options_margin_0_important nd_options_padding_0 nd_options_letter_spacing_0 nd_options_color_white\">Conselhos essenciais de viagem que todo turista deve conhecer<\/h3>\n\t\t\t            <div class=\"nd_options_section nd_options_height_20\"><\/div>\n\t\t\t            <p class=\"nd_options_margin_0_important nd_options_padding_0 nd_options_color_white\">Phasellus enim libero, blandit vel sapien vitae, condimentum ultricies magna et. Quisque euismod orci ut et lobortis.<\/p>\n\t\t\t            <div class=\"nd_options_section nd_options_height_20\"><\/div>\n\t\t\t            <a style=\"color:#5dcab2\" class=\"nd_options_display_inline_block nd_options_bg_white nd_options_box_sizing_border_box nd_options_border_radius_30 nd_options_padding_5_20  \" href=\"https:\/\/goldenniletravel.com\/pt-pt\/conselhos-para-viajar\/\">LEIA MAIS<\/a>\n\n\t\t\t        <\/div>\n\t\t        \t\n\t\t        <\/div>    \n\t\t    <\/div>\n\t\t<\/div>\n\n\t    <div class=\" nd_options_width_100_percentage nd_options_padding_15 nd_options_box_sizing_border_box nd_options_masonry_item nd_options_width_100_percentage_responsive\">\n\n\t    \t<img decoding=\"async\" class=\"nd_options_section nd_options_display_none nd_options_display_block_all_iphone\" src=\"https:\/\/goldenniletravel.com\/wp-content\/uploads\/2018\/04\/fb9a68d40eb709cd27646d37fbb73693-509x1024-1.jpg\">\n\n\t\t    <div class=\"nd_options_section nd_options_border_1_solid_grey nd_options_bg_white nd_options_display_table\">\n\t\t        <div class=\"nd_options_width_50_percentage nd_options_width_100_percentage_all_iphone nd_options_display_table_cell nd_options_display_block_all_iphone\">\n\n\t\t        \t<div class=\"nd_options_section nd_options_padding_30 nd_options_box_sizing_border_box\">\n\t\t\t            <p class=\"nd_options_margin_0_important nd_options_padding_0 nd_options_second_font nd_options_color_grey nd_options_text_transform_uppercase nd_options_letter_spacing_2 nd_options_font_weight_normal\">Our News <\/p>\n\t\t\t            <div class=\"nd_options_section nd_options_height_5\"><\/div>\n\t\t\t            <h3 class=\"nd_options_margin_0_important nd_options_padding_0 nd_options_letter_spacing_0\">Recapitula\u00e7\u00e3o da Exposi\u00e7\u00e3o WTM Latin America (2024)<\/h3>\n\t\t\t            <div class=\"nd_options_section nd_options_height_20\"><\/div>\n\t\t\t            <p class=\"nd_options_margin_0_important nd_options_padding_0\">Phasellus enim libero, blandit vel sapien vitae, condimentum ultricies magna et. Quisque euismod orci ut et lobortis.<\/p>\n\t\t\t            <div class=\"nd_options_section nd_options_height_20\"><\/div>\n\t\t\t            <a style=\"background-color:#43839d\" class=\"nd_options_display_inline_block nd_options_color_white nd_options_box_sizing_border_box nd_options_border_radius_30 nd_options_padding_5_20  \" href=\"https:\/\/goldenniletravel.com\/pt-pt\/recapitulacao-da-exposicao-wtm-latin-america-2024\/\">LEIA MAIS<\/a>\n\n\t\t\t        <\/div>\n\t\t        \t\n\t\t        <\/div><div style=\"background-image:url(https:\/\/goldenniletravel.com\/wp-content\/uploads\/2018\/04\/fb9a68d40eb709cd27646d37fbb73693-509x1024-1.jpg)\" class=\"nd_options_width_50_percentage nd_options_width_100_percentage_all_iphone nd_options_display_table_cell nd_options_display_block_all_iphone nd_options_background_position_center nd_options_background_repeat_no_repeat nd_options_background_size_cover\"><\/div> \n\t\t    <\/div>\n\t\t<\/div><\/div><!--CLOSE MASONRY-->[\/vc_column][vc_column width=&#8221;1\/2&#8243; css=&#8221;.vc_custom_1542126522753{padding-right: 0px !important;padding-left: 0px !important;}&#8221;]<!--START MASONRY--><div class=\"nd_options_section nd_options_masonry_content post-two \">\n\n\t    <div class=\" nd_options_width_100_percentage nd_options_padding_15 nd_options_box_sizing_border_box nd_options_masonry_item nd_options_width_100_percentage_responsive\">\n\n\t    \t<img decoding=\"async\" class=\"nd_options_section nd_options_display_none nd_options_display_block_all_iphone\" src=\"https:\/\/goldenniletravel.com\/wp-content\/uploads\/2018\/04\/to-be-used-copy.jpg\">\n\n\t\t    <div class=\"nd_options_section nd_options_border_1_solid_grey nd_options_bg_white nd_options_display_table\"><div style=\"background-image:url(https:\/\/goldenniletravel.com\/wp-content\/uploads\/2018\/04\/to-be-used-copy.jpg)\" class=\"nd_options_width_50_percentage nd_options_width_100_percentage_all_iphone nd_options_display_table_cell nd_options_display_block_all_iphone nd_options_background_position_center nd_options_background_repeat_no_repeat nd_options_background_size_cover\"><\/div>\n\t\t        <div class=\"nd_options_width_50_percentage nd_options_width_100_percentage_all_iphone nd_options_display_table_cell nd_options_display_block_all_iphone\">\n\n\t\t        \t<div class=\"nd_options_section nd_options_padding_30 nd_options_box_sizing_border_box\">\n\t\t\t            <p class=\"nd_options_margin_0_important nd_options_padding_0 nd_options_second_font nd_options_color_grey nd_options_text_transform_uppercase nd_options_letter_spacing_2 nd_options_font_weight_normal\">Best Destinations <\/p>\n\t\t\t            <div class=\"nd_options_section nd_options_height_5\"><\/div>\n\t\t\t            <h3 class=\"nd_options_margin_0_important nd_options_padding_0 nd_options_letter_spacing_0\">Turquia revelada: Explorando maravilhas antigas<\/h3>\n\t\t\t            <div class=\"nd_options_section nd_options_height_20\"><\/div>\n\t\t\t            <p class=\"nd_options_margin_0_important nd_options_padding_0\">Phasellus enim libero, blandit vel sapien vitae, condimentum ultricies magna et. Quisque euismod orci ut et lobortis.<\/p>\n\t\t\t            <div class=\"nd_options_section nd_options_height_20\"><\/div>\n\t\t\t            <a style=\"background-color:#d7c445\" class=\"nd_options_display_inline_block nd_options_color_white nd_options_box_sizing_border_box nd_options_border_radius_30 nd_options_padding_5_20  \" href=\"https:\/\/goldenniletravel.com\/pt-pt\/turquia-revelada-explorando-maravilhas-antigas\/\">LEIA MAIS<\/a>\n\n\t\t\t        <\/div>\n\t\t        \t\n\t\t        <\/div> \n\t\t    <\/div>\n\t\t<\/div>\n\t\t<div class=\" nd_options_width_100_percentage nd_options_padding_15 nd_options_box_sizing_border_box nd_options_masonry_item nd_options_width_100_percentage_responsive\">\n\t\t    \t\n\t\t    <img decoding=\"async\" class=\"nd_options_section nd_options_display_none nd_options_display_block_all_iphone\" src=\"https:\/\/goldenniletravel.com\/wp-content\/uploads\/2018\/04\/to-be-used.jpg\">\n\n\t\t    <div style=\"background-color:#ad5213\" class=\"nd_options_section nd_options_display_table\">\n\t\t        <div class=\"nd_options_width_50_percentage nd_options_width_100_percentage_all_iphone nd_options_display_table_cell nd_options_display_block_all_iphone\">\n\n\t\t        \t<div class=\"nd_options_section nd_options_padding_30 nd_options_box_sizing_border_box\">\n\t\t\t            <p class=\"nd_options_margin_0_important nd_options_padding_0 nd_options_second_font nd_options_color_white nd_options_text_transform_uppercase nd_options_letter_spacing_2 nd_options_font_weight_normal\">Best Destinations <\/p>\n\t\t\t            <div class=\"nd_options_section nd_options_height_5\"><\/div>\n\t\t\t            <h3 class=\"nd_options_margin_0_important nd_options_padding_0 nd_options_letter_spacing_0 nd_options_color_white\">Descubra o encanto da Ar\u00e1bia Saudita: Maravilhas modernas<\/h3>\n\t\t\t            <div class=\"nd_options_section nd_options_height_20\"><\/div>\n\t\t\t            <p class=\"nd_options_margin_0_important nd_options_padding_0 nd_options_color_white\">Phasellus enim libero, blandit vel sapien vitae, condimentum ultricies magna et. Quisque euismod orci ut et lobortis.<\/p>\n\t\t\t            <div class=\"nd_options_section nd_options_height_20\"><\/div>\n\t\t\t            <a style=\"color:#ad5213\" class=\"nd_options_display_inline_block nd_options_bg_white nd_options_box_sizing_border_box nd_options_border_radius_30 nd_options_padding_5_20  \" href=\"https:\/\/goldenniletravel.com\/pt-pt\/descubra-o-encanto-da-arabia-saudita-maravilhas-modernas\/\">LEIA MAIS<\/a>\n\n\t\t\t        <\/div>\n\t\t        \t\n\t\t        <\/div><div style=\"background-image:url(https:\/\/goldenniletravel.com\/wp-content\/uploads\/2018\/04\/to-be-used.jpg)\" class=\"nd_options_width_50_percentage nd_options_width_100_percentage_all_iphone nd_options_display_table_cell nd_options_display_block_all_iphone nd_options_background_position_center nd_options_background_repeat_no_repeat nd_options_background_size_cover\"><\/div>    \n\t\t    <\/div>\n\t\t<\/div><\/div><!--CLOSE MASONRY-->[\/vc_column][\/vc_row]<\/p>\n<\/div>","protected":false},"excerpt":{"rendered":"<p>[vc_row][vc_column width=&#8221;1\/2&#8243; css=&#8221;.vc_custom_1499951634504{padding-right: 0px !important;padding-left: 0px !important;}&#8221;][\/vc_column][vc_column width=&#8221;1\/2&#8243; css=&#8221;.vc_custom_1542126522753{padding-right: 0px !important;padding-left: 0px !important;}&#8221;][\/vc_column][\/vc_row]<\/p>\n","protected":false},"author":1,"featured_media":0,"parent":0,"menu_order":0,"comment_status":"closed","ping_status":"closed","template":"","meta":{"footnotes":""},"class_list":["post-3265","page","type-page","status-publish","hentry"],"_links":{"self":[{"href":"https:\/\/goldenniletravel.com\/pt-pt\/wp-json\/wp\/v2\/pages\/3265","targetHints":{"allow":["GET"]}}],"collection":[{"href":"https:\/\/goldenniletravel.com\/pt-pt\/wp-json\/wp\/v2\/pages"}],"about":[{"href":"https:\/\/goldenniletravel.com\/pt-pt\/wp-json\/wp\/v2\/types\/page"}],"author":[{"embeddable":true,"href":"https:\/\/goldenniletravel.com\/pt-pt\/wp-json\/wp\/v2\/users\/1"}],"replies":[{"embeddable":true,"href":"https:\/\/goldenniletravel.com\/pt-pt\/wp-json\/wp\/v2\/comments?post=3265"}],"version-history":[{"count":3,"href":"https:\/\/goldenniletravel.com\/pt-pt\/wp-json\/wp\/v2\/pages\/3265\/revisions"}],"predecessor-version":[{"id":3479,"href":"https:\/\/goldenniletravel.com\/pt-pt\/wp-json\/wp\/v2\/pages\/3265\/revisions\/3479"}],"wp:attachment":[{"href":"https:\/\/goldenniletravel.com\/pt-pt\/wp-json\/wp\/v2\/media?parent=3265"}],"curies":[{"name":"wp","href":"https:\/\/api.w.org\/{rel}","templated":true}]}}