{"id":3259,"date":"2024-08-01T11:27:54","date_gmt":"2024-08-01T11:27:54","guid":{"rendered":"https:\/\/www.goldenniletravel.com\/about-us\/"},"modified":"2024-09-10T14:34:55","modified_gmt":"2024-09-10T14:34:55","slug":"about-us","status":"publish","type":"page","link":"https:\/\/goldenniletravel.com\/pt-pt\/about-us\/","title":{"rendered":"Sobre n\u00f3s"},"content":{"rendered":"<div class=\"wpb-content-wrapper\"><p>[vc_row css=&#8221;.vc_custom_1721231060886{margin-top: 50px !important;}&#8221;][vc_column width=&#8221;2\/3&#8243;][vc_column_text css=&#8221;&#8221;]<span class=\"nicdark_font_size_70 nicdark_float_left nicdark_padding_28 nicdark_line_height_30 nd_options_first_font \">G<\/span>olden Nile \u00e9 uma empresa l\u00edder de turismo, focada no mercado latino-americano e espanhol, que oferece servi\u00e7os tur\u00edsticos de qualidade, baseados na perfei\u00e7\u00e3o e satisfa\u00e7\u00e3o de nossos passageiros. Nossa filosofia \u00e9 ser &#8220;totalmente diferente&#8221;. Possu\u00edmos ag\u00eancias pr\u00f3prias no Oriente M\u00e9dio para oferecer servi\u00e7os tur\u00edsticos como transporte, hospedagem, viagens de incentivo, programas especiais, assist\u00eancia no seu idioma e excurs\u00f5es em: Emirados \u00c1rabes Unidos, Egito, Om\u00e3, Terra Santa, Ar\u00e1bia Saudita, Catar, Turquia e Jord\u00e2nia. [\/vc_column_text]<div style=\"background-color:;height: 30px\" class=\"nicdark_section  \"><\/div>[vc_column_text css=&#8221;&#8221;]Oferecemos servi\u00e7os tur\u00edsticos diferenciados, pois proporcionamos satisfa\u00e7\u00e3o, conforto e luxo com os pre\u00e7os mais competitivos do mercado. Focamos nos pequenos detalhes e oferecemos atendimento personalizado aos nossos clientes durante toda a estadia. A chave do nosso sucesso \u00e9 tomar as decis\u00f5es corretas para alcan\u00e7ar o nosso principal objetivo, que \u00e9 a total satisfa\u00e7\u00e3o dos nossos clientes.[\/vc_column_text]<div style=\"background-color:;height: 30px\" class=\"nicdark_section  \"><\/div>[\/vc_column][vc_column width=&#8221;1\/3&#8243; css=&#8221;.vc_custom_1485856159511{padding-right: 30px !important;padding-left: 30px !important;}&#8221;]<div style=\"background-color:;height: 10px\" class=\"nicdark_section  \"><\/div>[vc_row_inner][vc_column_inner css=&#8221;.vc_custom_1541514259510{padding-top: 30px !important;padding-right: 30px !important;padding-bottom: 30px !important;padding-left: 30px !important;background-color: #555555 !important;}&#8221;]\n\n    <div class=\"nd_options_section nd_options_position_relative \">\n\n        <img decoding=\"async\" style=\"top:px\" alt=\"\" class=\"nd_options_position_absolute nd_options_left_0\" width=\"30\" src=\"https:\/\/goldenniletravel.com\/wp-content\/uploads\/2018\/11\/placeholder.png\">\n\n        <div style=\"padding-left:50px\" class=\"nd_options_section nd_options_box_sizing_border_box\">\n            \n            <h3 class=\"nd_options_second_font nd_options_letter_spacing_2 nd_options_font_weight_lighter \" style=\"margin:0px 0px 3px 0px;color:#ffffff;font-size:13px;line-height:13px\">Localiza\u00e7\u00e3o<\/h3> \n            <p class=\"nd_options_second_font  \" style=\"margin:0px;color:#ffffff;font-size:14px;line-height:24px\">Egito - Dubai<\/p> \n            \n\n        <\/div>\n\n    <\/div>\n\n  <div style=\"background-color:;height: 30px\" class=\"nicdark_section  \"><\/div>\n\n    <div class=\"nd_options_section nd_options_position_relative \">\n\n        <img decoding=\"async\" style=\"top:px\" alt=\"\" class=\"nd_options_position_absolute nd_options_left_0\" width=\"30\" src=\"https:\/\/goldenniletravel.com\/wp-content\/uploads\/2018\/11\/smartphone.png\">\n\n        <div style=\"padding-left:50px\" class=\"nd_options_section nd_options_box_sizing_border_box\">\n            \n            <h3 class=\"nd_options_second_font nd_options_letter_spacing_2 nd_options_font_weight_lighter \" style=\"margin:0px 0px 3px 0px;color:#ffffff;font-size:13px;line-height:13px\">Telefone<\/h3> \n            <p class=\"nd_options_second_font  \" style=\"margin:0px;color:#ffffff;font-size:14px;line-height:24px\">+ 20 111 078 6086<\/p> \n            \n\n        <\/div>\n\n    <\/div>\n\n  <div style=\"background-color:;height: 30px\" class=\"nicdark_section  \"><\/div>\n\n    <div class=\"nd_options_section nd_options_position_relative \">\n\n        <img decoding=\"async\" style=\"top:px\" alt=\"\" class=\"nd_options_position_absolute nd_options_left_0\" width=\"30\" src=\"https:\/\/goldenniletravel.com\/wp-content\/uploads\/2018\/11\/edit.png\">\n\n        <div style=\"padding-left:50px\" class=\"nd_options_section nd_options_box_sizing_border_box\">\n            \n            <h3 class=\"nd_options_second_font nd_options_letter_spacing_2 nd_options_font_weight_lighter \" style=\"margin:0px 0px 3px 0px;color:#ffffff;font-size:13px;line-height:13px\">E-mail<\/h3> \n            <p class=\"nd_options_second_font  \" style=\"margin:0px;color:#ffffff;font-size:14px;line-height:24px\">info@goldenniletravel.com<\/p> \n            \n\n        <\/div>\n\n    <\/div>\n\n  [\/vc_column_inner][\/vc_row_inner][\/vc_column][\/vc_row][vc_row css=&#8221;.vc_custom_1485860933865{margin-top: 20px !important;}&#8221;][vc_column width=&#8221;2\/3&#8243;]\n\t\t\t<!-- START about us REVOLUTION SLIDER 6.7.15 --><p class=\"rs-p-wp-fix\"><\/p>\n\t\t\t<rs-module-wrap id=\"rev_slider_14_1_wrapper\" data-source=\"gallery\" style=\"visibility:hidden;background:transparent;padding:0;margin:0px auto;margin-top:0;margin-bottom:0;\">\n\t\t\t\t<rs-module id=\"rev_slider_14_1\" style=\"\" data-version=\"6.7.15\">\n\t\t\t\t\t<rs-slides style=\"overflow: hidden; position: absolute;\">\n\t\t\t\t\t\t<rs-slide style=\"position: absolute;\" data-key=\"rs-48\" data-title=\"Slide\" data-thumb=\"\/\/goldenniletravel.com\/wp-content\/uploads\/2024\/08\/c_n-80x80.jpg\" data-in=\"o:0;\" data-out=\"a:false;\">\n\t\t\t\t\t\t\t<img fetchpriority=\"high\" decoding=\"async\" src=\"\/\/goldenniletravel.com\/wp-content\/plugins\/revslider\/sr6\/assets\/assets\/dummy.png\" alt=\"Aerial view of flying hot air balloons in Cappadocia, Turkey\" title=\"Famous Hot Air balloons in Cappadocia, Turkey\" width=\"1500\" height=\"938\" class=\"rev-slidebg tp-rs-img rs-lazyload\" data-lazyload=\"\/\/goldenniletravel.com\/wp-content\/uploads\/2024\/08\/c_n.jpg\" data-no-retina>\n<!---->\t\t\t\t\t<\/rs-slide>\n\t\t\t\t\t\t<rs-slide style=\"position: absolute;\" data-key=\"rs-49\" data-title=\"Slide\" data-thumb=\"\/\/goldenniletravel.com\/wp-content\/uploads\/2024\/08\/sunset-grand-mosque-muscat-oman--80x80.jpg\" data-in=\"o:0;\" data-out=\"a:false;\">\n\t\t\t\t\t\t\t<img decoding=\"async\" src=\"\/\/goldenniletravel.com\/wp-content\/plugins\/revslider\/sr6\/assets\/assets\/dummy.png\" alt=\"A view of The Sultan Qaboos Grand Mosque, the largest mosque in Muscat, Oman, in a peaceful sunset and a cloudy sky\" title=\"The iconic Sultan Qaboos Grand Mosque in Muscat, Oman\" width=\"2560\" height=\"1706\" class=\"rev-slidebg tp-rs-img rs-lazyload\" data-lazyload=\"\/\/goldenniletravel.com\/wp-content\/uploads\/2024\/08\/sunset-grand-mosque-muscat-oman-.jpg\" data-no-retina>\n<!---->\t\t\t\t\t<\/rs-slide>\n\t\t\t\t\t\t<rs-slide style=\"position: absolute;\" data-key=\"rs-50\" data-title=\"Slide\" data-in=\"o:0;\" data-out=\"a:false;\">\n\t\t\t\t\t\t\t<img decoding=\"async\" src=\"\/\/goldenniletravel.com\/wp-content\/plugins\/revslider\/sr6\/assets\/assets\/dummy.png\" alt=\"A Panoramic view of the Ajloun Castle\u2019s ancient walls bask at the sunset, stands guard over northwestern Jordan.\" title=\"The historic Ajloun Castle at sunset in Amman, Jordan\" width=\"2560\" height=\"1440\" class=\"rev-slidebg tp-rs-img rs-lazyload\" data-lazyload=\"\/\/goldenniletravel.com\/wp-content\/uploads\/2024\/07\/334472-Ajloun-Castle.webp\" data-no-retina>\n<!---->\t\t\t\t\t<\/rs-slide>\n\t\t\t\t\t\t<rs-slide style=\"position: absolute;\" data-key=\"rs-51\" data-title=\"Slide\" data-thumb=\"\/\/goldenniletravel.com\/wp-content\/uploads\/2024\/07\/SAUDIA-1-2-80x80.jpg\" data-in=\"o:0;\" data-out=\"a:false;\">\n\t\t\t\t\t\t\t<img loading=\"lazy\" decoding=\"async\" src=\"\/\/goldenniletravel.com\/wp-content\/plugins\/revslider\/sr6\/assets\/assets\/dummy.png\" alt=\"The view of the elephant rock in Saudi Arabia with the magical view of the skyline in the background.\" title=\"A magical view of the elephant rock in Saudi Arabia\" width=\"1024\" height=\"541\" class=\"rev-slidebg tp-rs-img rs-lazyload\" data-lazyload=\"\/\/goldenniletravel.com\/wp-content\/uploads\/2024\/07\/SAUDIA-1-2.jpg\" data-no-retina>\n<!---->\t\t\t\t\t<\/rs-slide>\n\t\t\t\t\t<\/rs-slides>\n\t\t\t\t<\/rs-module>\n\t\t\t\t<script>\n\t\t\t\t\tsetREVStartSize({c: 'rev_slider_14_1',rl:[1240,1024,778,480],el:[410],gw:[728],gh:[410],type:'standard',justify:'',layout:'fullwidth',mh:\"0\"});if (window.RS_MODULES!==undefined && window.RS_MODULES.modules!==undefined && window.RS_MODULES.modules[\"revslider141\"]!==undefined) {window.RS_MODULES.modules[\"revslider141\"].once = false;window.revapi14 = undefined;if (window.RS_MODULES.checkMinimal!==undefined) window.RS_MODULES.checkMinimal()}\n\t\t\t\t<\/script>\n\t\t\t<\/rs-module-wrap>\n\t\t\t<!-- END REVOLUTION SLIDER -->\n<div style=\"background-color:;height: 40px\" class=\"nicdark_section  \"><\/div>[\/vc_column][vc_column width=&#8221;1\/3&#8243;] <p style=\"color:;padding:px;text-align:center;font-size:14px;line-height:12px;letter-spacing: 2px;font-weight:lighter\" class=\"   nd_options_second_font \">Contate-nos<\/p> <div style=\"background-color:;height: 15px\" class=\"nicdark_section  \"><\/div> <h1 style=\"color:;padding:px;text-align:center;font-size:25px;line-height:30px;letter-spacing: px;font-weight:bold\" class=\"   nd_options_first_font \">e envie sua consulta<\/h1> <div style=\"background-color:;height: 10px\" class=\"nicdark_section  \"><\/div>\n\n    <!--start form-->\n    <div id=\"nd_options_shortcode_cf7_6\" class=\"nd_options_section nd_options_border_1_solid_grey nd_options_bg_white \">\n\n      <div class=\"nd_options_section nd_options_padding_20 nd_options_box_sizing_border_box nd_options_bg_grey nd_options_border_bottom_1_solid_grey nd_options_text_align_center\">\n        <h6 style=\"background-color:\" class=\"nd_options_second_font nd_options_padding_5 nd_options_border_radius_3 nd_options_color_white nd_options_display_inline_block\"><\/h6>\n        <div class=\"nd_options_section nd_options_height_5\"><\/div>\n        <h1 class=\"\"><strong><\/strong><\/h1>\n      <\/div>\n      \n      <div class=\"nd_options_section nd_options_padding_20_50 nd_options_box_sizing_border_box\">\n        \n<div class=\"wpcf7 no-js\" id=\"wpcf7-f6-o1\" lang=\"en-US\" dir=\"ltr\">\n<div class=\"screen-reader-response\"><p role=\"status\" aria-live=\"polite\" aria-atomic=\"true\"><\/p> <ul><\/ul><\/div>\n<form action=\"\/pt-pt\/wp-json\/wp\/v2\/pages\/3259#wpcf7-f6-o1\" method=\"post\" class=\"wpcf7-form init\" aria-label=\"Contact form\" novalidate=\"novalidate\" data-status=\"init\">\n<div>\n<input type=\"hidden\" name=\"_wpcf7\" value=\"6\" \/>\n<input type=\"hidden\" name=\"_wpcf7_version\" value=\"6.0.6\" \/>\n<input type=\"hidden\" name=\"_wpcf7_locale\" value=\"en_US\" \/>\n<input type=\"hidden\" name=\"_wpcf7_unit_tag\" value=\"wpcf7-f6-o1\" \/>\n<input type=\"hidden\" name=\"_wpcf7_container_post\" value=\"0\" \/>\n<input type=\"hidden\" name=\"_wpcf7_posted_data_hash\" value=\"\" \/>\n<\/div>\n<p><label> Your name<br \/>\n<span class=\"wpcf7-form-control-wrap\" data-name=\"your-name\"><input size=\"40\" class=\"wpcf7-form-control wpcf7-text wpcf7-validates-as-required\" autocomplete=\"name\" aria-required=\"true\" aria-invalid=\"false\" value=\"\" type=\"text\" name=\"your-name\" \/><\/span> <\/label>\n<\/p>\n<p><label> Your email<br \/>\n<span class=\"wpcf7-form-control-wrap\" data-name=\"your-email\"><input size=\"40\" class=\"wpcf7-form-control wpcf7-email wpcf7-validates-as-required wpcf7-text wpcf7-validates-as-email\" autocomplete=\"email\" aria-required=\"true\" aria-invalid=\"false\" value=\"\" type=\"email\" name=\"your-email\" \/><\/span> <\/label>\n<\/p>\n<p><label> Subject<br \/>\n<span class=\"wpcf7-form-control-wrap\" data-name=\"your-subject\"><input size=\"40\" class=\"wpcf7-form-control wpcf7-text wpcf7-validates-as-required\" aria-required=\"true\" aria-invalid=\"false\" value=\"\" type=\"text\" name=\"your-subject\" \/><\/span> <\/label>\n<\/p>\n<p><label> Your message (optional)<br \/>\n<span class=\"wpcf7-form-control-wrap\" data-name=\"your-message\"><textarea cols=\"40\" rows=\"10\" class=\"wpcf7-form-control wpcf7-textarea\" aria-invalid=\"false\" name=\"your-message\"><\/textarea><\/span> <\/label>\n<\/p>\n<p><input class=\"wpcf7-form-control wpcf7-submit has-spinner\" type=\"submit\" value=\"Submit\" \/>\n<\/p><div class=\"wpcf7-response-output\" aria-hidden=\"true\"><\/div>\n<\/form>\n<\/div>\n \n      <\/div>  \n\n    <\/div>\n    <!--end form-->\n\n   <div style=\"background-color:;height: 10px\" class=\"nicdark_section  \"><\/div>[\/vc_column][\/vc_row][vc_row][vc_column width=&#8221;1\/4&#8243; css=&#8221;.vc_custom_1492595600782{border-top-width: 0px !important;border-right-width: 0px !important;border-bottom-width: 0px !important;border-left-width: 0px !important;padding-top: 60px !important;padding-right: 60px !important;padding-bottom: 60px !important;padding-left: 60px !important;}&#8221;]\n    <div style=\"text-align:center\" class=\"nd_options_section\">\n      <img decoding=\"async\" alt=\"\" style=\"width:70px\" class=\" nd_options_margin_0 nd_options_padding_0 \" src=\"https:\/\/goldenniletravel.com\/wp-content\/uploads\/2018\/04\/icon-boat.png\">\n    <\/div>\n   <div style=\"background-color:;height: 10px\" class=\"nicdark_section  \"><\/div> <h4 style=\"color:#878787;padding:px;text-align:center;font-size:15px;line-height:15px;letter-spacing: 2px;font-weight:lighter\" class=\"   nd_options_second_font \">CRUZEIRO<\/h4> [\/vc_column][vc_column width=&#8221;1\/4&#8243; css=&#8221;.vc_custom_1492595593581{border-top-width: 0px !important;border-right-width: 0px !important;border-bottom-width: 0px !important;border-left-width: 0px !important;padding-top: 60px !important;padding-right: 60px !important;padding-bottom: 60px !important;padding-left: 60px !important;}&#8221;]\n    <div style=\"text-align:center\" class=\"nd_options_section\">\n      <img decoding=\"async\" alt=\"\" style=\"width:70px\" class=\" nd_options_margin_0 nd_options_padding_0 \" src=\"https:\/\/goldenniletravel.com\/wp-content\/uploads\/2018\/04\/icon-landmark.png\">\n    <\/div>\n   <div style=\"background-color:;height: 10px\" class=\"nicdark_section  \"><\/div> <h4 style=\"color:#878787;padding:px;text-align:center;font-size:15px;line-height:15px;letter-spacing: 2px;font-weight:lighter\" class=\"   nd_options_second_font \">VIAGEM URBANA<\/h4> [\/vc_column][vc_column width=&#8221;1\/4&#8243; css=&#8221;.vc_custom_1492595611356{border-top-width: 0px !important;border-right-width: 0px !important;border-bottom-width: 0px !important;border-left-width: 0px !important;padding-top: 60px !important;padding-right: 60px !important;padding-bottom: 60px !important;padding-left: 60px !important;}&#8221;]\n    <div style=\"text-align:center\" class=\"nd_options_section\">\n      <img decoding=\"async\" alt=\"\" style=\"width:70px\" class=\" nd_options_margin_0 nd_options_padding_0 \" src=\"https:\/\/goldenniletravel.com\/wp-content\/uploads\/2018\/04\/icon-island.png\">\n    <\/div>\n   <div style=\"background-color:;height: 10px\" class=\"nicdark_section  \"><\/div> <h4 style=\"color:#878787;padding:px;text-align:center;font-size:15px;line-height:15px;letter-spacing: 2px;font-weight:lighter\" class=\"   nd_options_second_font \">DESTINO RELAXANTE<\/h4> [\/vc_column][vc_column width=&#8221;1\/4&#8243; css=&#8221;.vc_custom_1492595624416{border-top-width: 0px !important;border-right-width: 0px !important;border-bottom-width: 0px !important;border-left-width: 0px !important;padding-top: 60px !important;padding-right: 60px !important;padding-bottom: 60px !important;padding-left: 60px !important;}&#8221;]\n    <div style=\"text-align:center\" class=\"nd_options_section\">\n      <img decoding=\"async\" alt=\"\" style=\"width:70px\" class=\" nd_options_margin_0 nd_options_padding_0 \" src=\"https:\/\/goldenniletravel.com\/wp-content\/uploads\/2018\/04\/icon-map.png\">\n    <\/div>\n   <div style=\"background-color:;height: 10px\" class=\"nicdark_section  \"><\/div> <h4 style=\"color:#878787;padding:px;text-align:center;font-size:15px;line-height:15px;letter-spacing: 2px;font-weight:lighter\" class=\"   nd_options_second_font \">ROTEIROS INCR\u00cdVEIS<\/h4> [\/vc_column][\/vc_row][vc_row full_width=&#8221;stretch_row&#8221; content_placement=&#8221;middle&#8221; css=&#8221;.vc_custom_1713961199929{margin-top: 10px !important;margin-bottom: -15px !important;padding-top: 90px !important;padding-bottom: 90px !important;background-image: url(https:\/\/www.goldenniletravel.com\/wp-content\/uploads\/2024\/04\/sky-sunset.jpg?id=2169) !important;background-position: center !important;background-repeat: no-repeat !important;background-size: cover !important;}&#8221; el_class=&#8221;nd_options_vc_parallax_filter_1_3&#8243;][vc_column width=&#8221;1\/2&#8243; css=&#8221;.vc_custom_1485861692786{padding-top: 10px !important;padding-right: 30px !important;padding-bottom: 10px !important;padding-left: 30px !important;}&#8221;][vc_row_inner][vc_column_inner el_class=&#8221;nd_options_padding_20_first_div_important_responsive&#8221; css=&#8221;.vc_custom_1485861394451{padding-top: 40px !important;padding-right: 40px !important;padding-bottom: 40px !important;padding-left: 40px !important;background-color: #ffffff !important;}&#8221;] <p style=\"color:;padding:px;text-align:center;font-size:12px;line-height:12px;letter-spacing: 2px;font-weight:normal\" class=\"   nd_options_second_font \">O MELHOR DE NOSSOS<\/p> <div style=\"background-color:;height: 10px\" class=\"nicdark_section  \"><\/div> <h2 style=\"color:;padding:px;text-align:center;font-size:25px;line-height:25px;letter-spacing: px;font-weight:bold\" class=\"    \">Destinos<\/h2> <div style=\"background-color:;height: 40px\" class=\"nicdark_section  \"><\/div>\n    <div class=\" nd_options_list_component_l1 nd_options_section nd_options_position_relative nd_options_list_about_2 \">\n\n        \n        \n        <div class=\"nd_options_section nd_options_height_15\"><\/div>\n        <div class=\"nd_options_section nd_options_position_relative\">\n            <div class=\"nd_options_position_absolute nd_options_height_3 nd_options_width_100_percentage nd_options_bottom_2 nd_options_border_bottom_2_dotted_grey\"><\/div>\n            <h4 class=\"  nd_options_bg_white nd_options_float_left nd_options_position_relative nd_options_padding_right_10\"><strong>Egito<\/strong><\/h4>\n            <h4 class=\"nd_options_bg_white nd_options_float_right nd_options_position_relative nd_options_padding_left_10\"><strong><\/strong><\/h4>\n        <\/div>\n        <div class=\"nd_options_section nd_options_height_10\"><\/div>\n        <div class=\"nd_options_section\">\n            <p class=\"  nd_options_font_weight_lighter nd_options_float_left\">Onde os fara\u00f3s j\u00e1 governaram e as lendas nasceram.<\/p>\n            <p style=\"background-color:\" class=\" nd_options_color_grey nd_options_border_1_solid_grey nd_options_display_inline_block nd_options_first_font nd_options_padding_5_10 nd_options_border_radius_15 nd_options_float_right nd_options_font_size_13\"><\/p>\n        <\/div>\n    <\/div>\n  <div style=\"background-color:;height: 10px\" class=\"nicdark_section  \"><\/div>\n    <div class=\" nd_options_list_component_l1 nd_options_section nd_options_position_relative nd_options_list_about_2 \">\n\n        \n        \n        <div class=\"nd_options_section nd_options_height_15\"><\/div>\n        <div class=\"nd_options_section nd_options_position_relative\">\n            <div class=\"nd_options_position_absolute nd_options_height_3 nd_options_width_100_percentage nd_options_bottom_2 nd_options_border_bottom_2_dotted_grey\"><\/div>\n            <h4 class=\"  nd_options_bg_white nd_options_float_left nd_options_position_relative nd_options_padding_right_10\"><strong>Dubai<\/strong><\/h4>\n            <h4 class=\"nd_options_bg_white nd_options_float_right nd_options_position_relative nd_options_padding_left_10\"><strong><\/strong><\/h4>\n        <\/div>\n        <div class=\"nd_options_section nd_options_height_10\"><\/div>\n        <div class=\"nd_options_section\">\n            <p class=\"  nd_options_font_weight_lighter nd_options_float_left\">Deixe a magia te cativar a cada momento deslumbrante.<\/p>\n            <p style=\"background-color:\" class=\" nd_options_color_grey nd_options_border_1_solid_grey nd_options_display_inline_block nd_options_first_font nd_options_padding_5_10 nd_options_border_radius_15 nd_options_float_right nd_options_font_size_13\"><\/p>\n        <\/div>\n    <\/div>\n  <div style=\"background-color:;height: 10px\" class=\"nicdark_section  \"><\/div>\n    <div class=\" nd_options_list_component_l1 nd_options_section nd_options_position_relative nd_options_list_about_2 \">\n\n        \n        \n        <div class=\"nd_options_section nd_options_height_15\"><\/div>\n        <div class=\"nd_options_section nd_options_position_relative\">\n            <div class=\"nd_options_position_absolute nd_options_height_3 nd_options_width_100_percentage nd_options_bottom_2 nd_options_border_bottom_2_dotted_grey\"><\/div>\n            <h4 class=\"  nd_options_bg_white nd_options_float_left nd_options_position_relative nd_options_padding_right_10\"><strong>Turquia<\/strong><\/h4>\n            <h4 class=\"nd_options_bg_white nd_options_float_right nd_options_position_relative nd_options_padding_left_10\"><strong><\/strong><\/h4>\n        <\/div>\n        <div class=\"nd_options_section nd_options_height_10\"><\/div>\n        <div class=\"nd_options_section\">\n            <p class=\"  nd_options_font_weight_lighter nd_options_float_left\">Das majestosas montanhas \u00e0s \u00e1guas azuis.<\/p>\n            <p style=\"background-color:\" class=\" nd_options_color_grey nd_options_border_1_solid_grey nd_options_display_inline_block nd_options_first_font nd_options_padding_5_10 nd_options_border_radius_15 nd_options_float_right nd_options_font_size_13\"><\/p>\n        <\/div>\n    <\/div>\n  [\/vc_column_inner][\/vc_row_inner][\/vc_column][vc_column width=&#8221;1\/2&#8243; css=&#8221;.vc_custom_1485861709087{padding-top: 10px !important;padding-right: 30px !important;padding-bottom: 10px !important;padding-left: 30px !important;}&#8221;][vc_row_inner css=&#8221;.vc_custom_1713959952806{background-image: url(https:\/\/www.goldenniletravel.com\/wp-content\/uploads\/2024\/04\/egypt-pyramids.jpg?id=2163) !important;background-position: center !important;background-repeat: no-repeat !important;background-size: cover !important;}&#8221;][vc_column_inner el_class=&#8221;nd_options_text_align_center&#8221; css=&#8221;.vc_custom_1722514093760{background-image: url(https:\/\/www.goldenniletravel.com\/wp-content\/uploads\/2024\/08\/Egypt-Pyramids-Golden-Nile.jpg?id=2243) !important;background-position: center !important;background-repeat: no-repeat !important;background-size: cover !important;}&#8221;]<div style=\"background-color:;height: 159px\" class=\"nicdark_section  \"><\/div>\n\n    <div class=\"  nd_options_section\">\n        \n    \n        <a class=\" nd_options_outline_0 nd_options_mpopup_iframe\" href=\"https:\/\/vimeo.com\/938604457?share=copy\" target=\"_blank\" rel=\"noopener\">\n            <img decoding=\"async\" width=\"70px\" alt=\"\" class=\"nd_options_transition_all_08_ease nd_options_opacity_05_hover\" src=\"https:\/\/goldenniletravel.com\/wp-content\/uploads\/2018\/04\/icon-play.png\">\n        <\/a>\n\n        \n    <\/div>   \n\n<div style=\"background-color:;height: 159px\" class=\"nicdark_section  \"><\/div>[\/vc_column_inner][\/vc_row_inner][\/vc_column][\/vc_row]<\/p>\n<\/div>","protected":false},"excerpt":{"rendered":"<p>[vc_row css=&#8221;.vc_custom_1721231060886{margin-top: 50px !important;}&#8221;][vc_column width=&#8221;2\/3&#8243;][vc_column_text css=&#8221;&#8221;]Golden Nile \u00e9 uma empresa l\u00edder de turismo, focada no mercado latino-americano e espanhol, que oferece servi\u00e7os tur\u00edsticos de qualidade, baseados na perfei\u00e7\u00e3o e satisfa\u00e7\u00e3o de nossos passageiros. Nossa filosofia \u00e9 ser &#8220;totalmente diferente&#8221;. Possu\u00edmos ag\u00eancias pr\u00f3prias no Oriente M\u00e9dio para oferecer servi\u00e7os tur\u00edsticos como transporte, hospedagem, viagens de incentivo, [&hellip;]<\/p>\n","protected":false},"author":1,"featured_media":0,"parent":0,"menu_order":0,"comment_status":"closed","ping_status":"closed","template":"","meta":{"footnotes":""},"class_list":["post-3259","page","type-page","status-publish","hentry"],"_links":{"self":[{"href":"https:\/\/goldenniletravel.com\/pt-pt\/wp-json\/wp\/v2\/pages\/3259","targetHints":{"allow":["GET"]}}],"collection":[{"href":"https:\/\/goldenniletravel.com\/pt-pt\/wp-json\/wp\/v2\/pages"}],"about":[{"href":"https:\/\/goldenniletravel.com\/pt-pt\/wp-json\/wp\/v2\/types\/page"}],"author":[{"embeddable":true,"href":"https:\/\/goldenniletravel.com\/pt-pt\/wp-json\/wp\/v2\/users\/1"}],"replies":[{"embeddable":true,"href":"https:\/\/goldenniletravel.com\/pt-pt\/wp-json\/wp\/v2\/comments?post=3259"}],"version-history":[{"count":5,"href":"https:\/\/goldenniletravel.com\/pt-pt\/wp-json\/wp\/v2\/pages\/3259\/revisions"}],"predecessor-version":[{"id":3608,"href":"https:\/\/goldenniletravel.com\/pt-pt\/wp-json\/wp\/v2\/pages\/3259\/revisions\/3608"}],"wp:attachment":[{"href":"https:\/\/goldenniletravel.com\/pt-pt\/wp-json\/wp\/v2\/media?parent=3259"}],"curies":[{"name":"wp","href":"https:\/\/api.w.org\/{rel}","templated":true}]}}