{"id":3262,"date":"2024-08-01T11:27:54","date_gmt":"2024-08-01T11:27:54","guid":{"rendered":"https:\/\/www.goldenniletravel.com\/about-us\/"},"modified":"2024-09-10T14:16:59","modified_gmt":"2024-09-10T14:16:59","slug":"about-us","status":"publish","type":"page","link":"https:\/\/goldenniletravel.com\/es\/about-us\/","title":{"rendered":"\u00bfQui\u00e9nes somos?"},"content":{"rendered":"<div class=\"wpb-content-wrapper\"><p>[vc_row css=\u00bb.vc_custom_1721231060886{margin-top: 50px !important;}\u00bb][vc_column width=\u00bb2\/3&#8243;][vc_column_text css=\u00bb\u00bb]<span class=\"nicdark_font_size_70 nicdark_float_left nicdark_padding_28 nicdark_line_height_30 nd_options_first_font \"> G<\/span>olden Nile es una empresa l\u00edder de turismo, enfocada en el mercado iberoamericano y espa\u00f1ol, que ofrece servicios tur\u00edsticos de alta calidad, basados en la perfecci\u00f3n y la satisfacci\u00f3n de nuestros pasajeros. Nuestra filosof\u00eda es ser \u00abtotalmente diferente\u00bb. Contamos con oficinas propias en Oriente Medio para ofrecer servicios tur\u00edsticos como transporte, alojamiento, viajes de incentivo, programas especiales, asistencia en tu idioma y excursiones en: Emiratos \u00c1rabes Unidos, Egipto, Om\u00e1n, Tierra Santa, Arabia Saudita, Qatar, Turqu\u00eda y Jordania.[\/vc_column_text]<div style=\"background-color:;height: 30px\" class=\"nicdark_section  \"><\/div>[vc_column_text css=\u00bb\u00bb]Brindamos servicios tur\u00edsticos diferenciados, ya que ofrecemos satisfacci\u00f3n, comodidad y lujo con los precios m\u00e1s competitivos del mercado.<\/p>\n<p>Nos enfocamos en los peque\u00f1os detalles y proporcionamos atenci\u00f3n personalizada a nuestros hu\u00e9spedes durante toda su estancia. Nuestra clave de \u00e9xito es tomar las decisiones correctas para lograr nuestro principal objetivo, que es la plena satisfacci\u00f3n de nuestros clientes.[\/vc_column_text]<div style=\"background-color:;height: 30px\" class=\"nicdark_section  \"><\/div>[\/vc_column][vc_column width=\u00bb1\/3&#8243; css=\u00bb.vc_custom_1485856159511{padding-right: 30px !important;padding-left: 30px !important;}\u00bb]<div style=\"background-color:;height: 10px\" class=\"nicdark_section  \"><\/div>[vc_row_inner][vc_column_inner css=\u00bb.vc_custom_1541514259510{padding-top: 30px !important;padding-right: 30px !important;padding-bottom: 30px !important;padding-left: 30px !important;background-color: #555555 !important;}\u00bb]\n\n    <div class=\"nd_options_section nd_options_position_relative \">\n\n        <img decoding=\"async\" style=\"top:px\" alt=\"\" class=\"nd_options_position_absolute nd_options_left_0\" width=\"30\" src=\"https:\/\/goldenniletravel.com\/wp-content\/uploads\/2018\/11\/placeholder.png\">\n\n        <div style=\"padding-left:50px\" class=\"nd_options_section nd_options_box_sizing_border_box\">\n            \n            <h3 class=\"nd_options_second_font nd_options_letter_spacing_2 nd_options_font_weight_lighter \" style=\"margin:0px 0px 3px 0px;color:#ffffff;font-size:13px;line-height:13px\">Location<\/h3> \n            <p class=\"nd_options_second_font  \" style=\"margin:0px;color:#ffffff;font-size:14px;line-height:24px\">Egypt - Dubai<\/p> \n            \n\n        <\/div>\n\n    <\/div>\n\n  <div style=\"background-color:;height: 30px\" class=\"nicdark_section  \"><\/div>\n\n    <div class=\"nd_options_section nd_options_position_relative \">\n\n        <img decoding=\"async\" style=\"top:px\" alt=\"\" class=\"nd_options_position_absolute nd_options_left_0\" width=\"30\" src=\"https:\/\/goldenniletravel.com\/wp-content\/uploads\/2018\/11\/smartphone.png\">\n\n        <div style=\"padding-left:50px\" class=\"nd_options_section nd_options_box_sizing_border_box\">\n            \n            <h3 class=\"nd_options_second_font nd_options_letter_spacing_2 nd_options_font_weight_lighter \" style=\"margin:0px 0px 3px 0px;color:#ffffff;font-size:13px;line-height:13px\">phone<\/h3> \n            <p class=\"nd_options_second_font  \" style=\"margin:0px;color:#ffffff;font-size:14px;line-height:24px\">+ 20 111 078 6086<\/p> \n            \n\n        <\/div>\n\n    <\/div>\n\n  <div style=\"background-color:;height: 30px\" class=\"nicdark_section  \"><\/div>\n\n    <div class=\"nd_options_section nd_options_position_relative \">\n\n        <img decoding=\"async\" style=\"top:px\" alt=\"\" class=\"nd_options_position_absolute nd_options_left_0\" width=\"30\" src=\"https:\/\/goldenniletravel.com\/wp-content\/uploads\/2018\/11\/edit.png\">\n\n        <div style=\"padding-left:50px\" class=\"nd_options_section nd_options_box_sizing_border_box\">\n            \n            <h3 class=\"nd_options_second_font nd_options_letter_spacing_2 nd_options_font_weight_lighter \" style=\"margin:0px 0px 3px 0px;color:#ffffff;font-size:13px;line-height:13px\">Email<\/h3> \n            <p class=\"nd_options_second_font  \" style=\"margin:0px;color:#ffffff;font-size:14px;line-height:24px\">info@goldenniletravel.com<\/p> \n            \n\n        <\/div>\n\n    <\/div>\n\n  [\/vc_column_inner][\/vc_row_inner][\/vc_column][\/vc_row][vc_row css=\u00bb.vc_custom_1485860933865{margin-top: 20px !important;}\u00bb][vc_column width=\u00bb2\/3&#8243;]\n\t\t\t<!-- START about us REVOLUTION SLIDER 6.7.15 --><p class=\"rs-p-wp-fix\"><\/p>\n\t\t\t<rs-module-wrap id=\"rev_slider_14_1_wrapper\" data-source=\"gallery\" style=\"visibility:hidden;background:transparent;padding:0;margin:0px auto;margin-top:0;margin-bottom:0;\">\n\t\t\t\t<rs-module id=\"rev_slider_14_1\" style=\"\" data-version=\"6.7.15\">\n\t\t\t\t\t<rs-slides style=\"overflow: hidden; position: absolute;\">\n\t\t\t\t\t\t<rs-slide style=\"position: absolute;\" data-key=\"rs-48\" data-title=\"Slide\" data-thumb=\"\/\/goldenniletravel.com\/wp-content\/uploads\/2024\/08\/c_n-80x80.jpg\" data-in=\"o:0;\" data-out=\"a:false;\">\n\t\t\t\t\t\t\t<img fetchpriority=\"high\" decoding=\"async\" src=\"\/\/goldenniletravel.com\/wp-content\/plugins\/revslider\/sr6\/assets\/assets\/dummy.png\" alt=\"Aerial view of flying hot air balloons in Cappadocia, Turkey\" title=\"Famous Hot Air balloons in Cappadocia, Turkey\" width=\"1500\" height=\"938\" class=\"rev-slidebg tp-rs-img rs-lazyload\" data-lazyload=\"\/\/goldenniletravel.com\/wp-content\/uploads\/2024\/08\/c_n.jpg\" data-no-retina>\n<!---->\t\t\t\t\t<\/rs-slide>\n\t\t\t\t\t\t<rs-slide style=\"position: absolute;\" data-key=\"rs-49\" data-title=\"Slide\" data-thumb=\"\/\/goldenniletravel.com\/wp-content\/uploads\/2024\/08\/sunset-grand-mosque-muscat-oman--80x80.jpg\" data-in=\"o:0;\" data-out=\"a:false;\">\n\t\t\t\t\t\t\t<img decoding=\"async\" src=\"\/\/goldenniletravel.com\/wp-content\/plugins\/revslider\/sr6\/assets\/assets\/dummy.png\" alt=\"A view of The Sultan Qaboos Grand Mosque, the largest mosque in Muscat, Oman, in a peaceful sunset and a cloudy sky\" title=\"The iconic Sultan Qaboos Grand Mosque in Muscat, Oman\" width=\"2560\" height=\"1706\" class=\"rev-slidebg tp-rs-img rs-lazyload\" data-lazyload=\"\/\/goldenniletravel.com\/wp-content\/uploads\/2024\/08\/sunset-grand-mosque-muscat-oman-.jpg\" data-no-retina>\n<!---->\t\t\t\t\t<\/rs-slide>\n\t\t\t\t\t\t<rs-slide style=\"position: absolute;\" data-key=\"rs-50\" data-title=\"Slide\" data-in=\"o:0;\" data-out=\"a:false;\">\n\t\t\t\t\t\t\t<img decoding=\"async\" src=\"\/\/goldenniletravel.com\/wp-content\/plugins\/revslider\/sr6\/assets\/assets\/dummy.png\" alt=\"A Panoramic view of the Ajloun Castle\u2019s ancient walls bask at the sunset, stands guard over northwestern Jordan.\" title=\"The historic Ajloun Castle at sunset in Amman, Jordan\" width=\"2560\" height=\"1440\" class=\"rev-slidebg tp-rs-img rs-lazyload\" data-lazyload=\"\/\/goldenniletravel.com\/wp-content\/uploads\/2024\/07\/334472-Ajloun-Castle.webp\" data-no-retina>\n<!---->\t\t\t\t\t<\/rs-slide>\n\t\t\t\t\t\t<rs-slide style=\"position: absolute;\" data-key=\"rs-51\" data-title=\"Slide\" data-thumb=\"\/\/goldenniletravel.com\/wp-content\/uploads\/2024\/07\/SAUDIA-1-2-80x80.jpg\" data-in=\"o:0;\" data-out=\"a:false;\">\n\t\t\t\t\t\t\t<img loading=\"lazy\" decoding=\"async\" src=\"\/\/goldenniletravel.com\/wp-content\/plugins\/revslider\/sr6\/assets\/assets\/dummy.png\" alt=\"The view of the elephant rock in Saudi Arabia with the magical view of the skyline in the background.\" title=\"A magical view of the elephant rock in Saudi Arabia\" width=\"1024\" height=\"541\" class=\"rev-slidebg tp-rs-img rs-lazyload\" data-lazyload=\"\/\/goldenniletravel.com\/wp-content\/uploads\/2024\/07\/SAUDIA-1-2.jpg\" data-no-retina>\n<!---->\t\t\t\t\t<\/rs-slide>\n\t\t\t\t\t<\/rs-slides>\n\t\t\t\t<\/rs-module>\n\t\t\t\t<script>\n\t\t\t\t\tsetREVStartSize({c: 'rev_slider_14_1',rl:[1240,1024,778,480],el:[410],gw:[728],gh:[410],type:'standard',justify:'',layout:'fullwidth',mh:\"0\"});if (window.RS_MODULES!==undefined && window.RS_MODULES.modules!==undefined && window.RS_MODULES.modules[\"revslider141\"]!==undefined) {window.RS_MODULES.modules[\"revslider141\"].once = false;window.revapi14 = undefined;if (window.RS_MODULES.checkMinimal!==undefined) window.RS_MODULES.checkMinimal()}\n\t\t\t\t<\/script>\n\t\t\t<\/rs-module-wrap>\n\t\t\t<!-- END REVOLUTION SLIDER -->\n<div style=\"background-color:;height: 40px\" class=\"nicdark_section  \"><\/div>[\/vc_column][vc_column width=\u00bb1\/3&#8243;] <p style=\"color:;padding:px;text-align:center;font-size:14px;line-height:12px;letter-spacing: 2px;font-weight:lighter\" class=\"   nd_options_second_font \">Cont\u00e1ctanos<\/p> <div style=\"background-color:;height: 15px\" class=\"nicdark_section  \"><\/div> <h1 style=\"color:;padding:px;text-align:center;font-size:25px;line-height:30px;letter-spacing: px;font-weight:bold\" class=\"   nd_options_first_font \">y env\u00edanos su consulta<\/h1> <div style=\"background-color:;height: 10px\" class=\"nicdark_section  \"><\/div>\n\n    <!--start form-->\n    <div id=\"nd_options_shortcode_cf7_6\" class=\"nd_options_section nd_options_border_1_solid_grey nd_options_bg_white \">\n\n      <div class=\"nd_options_section nd_options_padding_20 nd_options_box_sizing_border_box nd_options_bg_grey nd_options_border_bottom_1_solid_grey nd_options_text_align_center\">\n        <h6 style=\"background-color:\" class=\"nd_options_second_font nd_options_padding_5 nd_options_border_radius_3 nd_options_color_white nd_options_display_inline_block\"><\/h6>\n        <div class=\"nd_options_section nd_options_height_5\"><\/div>\n        <h1 class=\"\"><strong><\/strong><\/h1>\n      <\/div>\n      \n      <div class=\"nd_options_section nd_options_padding_20_50 nd_options_box_sizing_border_box\">\n        \n<div class=\"wpcf7 no-js\" id=\"wpcf7-f6-o1\" lang=\"en-US\" dir=\"ltr\">\n<div class=\"screen-reader-response\"><p role=\"status\" aria-live=\"polite\" aria-atomic=\"true\"><\/p> <ul><\/ul><\/div>\n<form action=\"\/es\/wp-json\/wp\/v2\/pages\/3262#wpcf7-f6-o1\" method=\"post\" class=\"wpcf7-form init\" aria-label=\"Contact form\" novalidate=\"novalidate\" data-status=\"init\">\n<div>\n<input type=\"hidden\" name=\"_wpcf7\" value=\"6\" \/>\n<input type=\"hidden\" name=\"_wpcf7_version\" value=\"6.0.6\" \/>\n<input type=\"hidden\" name=\"_wpcf7_locale\" value=\"en_US\" \/>\n<input type=\"hidden\" name=\"_wpcf7_unit_tag\" value=\"wpcf7-f6-o1\" \/>\n<input type=\"hidden\" name=\"_wpcf7_container_post\" value=\"0\" \/>\n<input type=\"hidden\" name=\"_wpcf7_posted_data_hash\" value=\"\" \/>\n<\/div>\n<p><label> Your name<br \/>\n<span class=\"wpcf7-form-control-wrap\" data-name=\"your-name\"><input size=\"40\" class=\"wpcf7-form-control wpcf7-text wpcf7-validates-as-required\" autocomplete=\"name\" aria-required=\"true\" aria-invalid=\"false\" value=\"\" type=\"text\" name=\"your-name\" \/><\/span> <\/label>\n<\/p>\n<p><label> Your email<br \/>\n<span class=\"wpcf7-form-control-wrap\" data-name=\"your-email\"><input size=\"40\" class=\"wpcf7-form-control wpcf7-email wpcf7-validates-as-required wpcf7-text wpcf7-validates-as-email\" autocomplete=\"email\" aria-required=\"true\" aria-invalid=\"false\" value=\"\" type=\"email\" name=\"your-email\" \/><\/span> <\/label>\n<\/p>\n<p><label> Subject<br \/>\n<span class=\"wpcf7-form-control-wrap\" data-name=\"your-subject\"><input size=\"40\" class=\"wpcf7-form-control wpcf7-text wpcf7-validates-as-required\" aria-required=\"true\" aria-invalid=\"false\" value=\"\" type=\"text\" name=\"your-subject\" \/><\/span> <\/label>\n<\/p>\n<p><label> Your message (optional)<br \/>\n<span class=\"wpcf7-form-control-wrap\" data-name=\"your-message\"><textarea cols=\"40\" rows=\"10\" class=\"wpcf7-form-control wpcf7-textarea\" aria-invalid=\"false\" name=\"your-message\"><\/textarea><\/span> <\/label>\n<\/p>\n<p><input class=\"wpcf7-form-control wpcf7-submit has-spinner\" type=\"submit\" value=\"Submit\" \/>\n<\/p><div class=\"wpcf7-response-output\" aria-hidden=\"true\"><\/div>\n<\/form>\n<\/div>\n \n      <\/div>  \n\n    <\/div>\n    <!--end form-->\n\n   <div style=\"background-color:;height: 10px\" class=\"nicdark_section  \"><\/div>[\/vc_column][\/vc_row][vc_row][vc_column width=\u00bb1\/4&#8243; css=\u00bb.vc_custom_1492595600782{border-top-width: 0px !important;border-right-width: 0px !important;border-bottom-width: 0px !important;border-left-width: 0px !important;padding-top: 60px !important;padding-right: 60px !important;padding-bottom: 60px !important;padding-left: 60px !important;}\u00bb]\n    <div style=\"text-align:center\" class=\"nd_options_section\">\n      <img decoding=\"async\" alt=\"\" style=\"width:70px\" class=\" nd_options_margin_0 nd_options_padding_0 \" src=\"https:\/\/goldenniletravel.com\/wp-content\/uploads\/2018\/04\/icon-boat.png\">\n    <\/div>\n   <div style=\"background-color:;height: 10px\" class=\"nicdark_section  \"><\/div> <h4 style=\"color:#878787;padding:px;text-align:center;font-size:15px;line-height:15px;letter-spacing: 2px;font-weight:lighter\" class=\"   nd_options_second_font \">CRUCERO<\/h4> [\/vc_column][vc_column width=\u00bb1\/4&#8243; css=\u00bb.vc_custom_1492595593581{border-top-width: 0px !important;border-right-width: 0px !important;border-bottom-width: 0px !important;border-left-width: 0px !important;padding-top: 60px !important;padding-right: 60px !important;padding-bottom: 60px !important;padding-left: 60px !important;}\u00bb]\n    <div style=\"text-align:center\" class=\"nd_options_section\">\n      <img decoding=\"async\" alt=\"\" style=\"width:70px\" class=\" nd_options_margin_0 nd_options_padding_0 \" src=\"https:\/\/goldenniletravel.com\/wp-content\/uploads\/2018\/04\/icon-landmark.png\">\n    <\/div>\n   <div style=\"background-color:;height: 10px\" class=\"nicdark_section  \"><\/div> <h4 style=\"color:#878787;padding:px;text-align:center;font-size:15px;line-height:15px;letter-spacing: 2px;font-weight:lighter\" class=\"   nd_options_second_font \">VIAJE URBANO<\/h4> [\/vc_column][vc_column width=\u00bb1\/4&#8243; css=\u00bb.vc_custom_1492595611356{border-top-width: 0px !important;border-right-width: 0px !important;border-bottom-width: 0px !important;border-left-width: 0px !important;padding-top: 60px !important;padding-right: 60px !important;padding-bottom: 60px !important;padding-left: 60px !important;}\u00bb]\n    <div style=\"text-align:center\" class=\"nd_options_section\">\n      <img decoding=\"async\" alt=\"\" style=\"width:70px\" class=\" nd_options_margin_0 nd_options_padding_0 \" src=\"https:\/\/goldenniletravel.com\/wp-content\/uploads\/2018\/04\/icon-island.png\">\n    <\/div>\n   <div style=\"background-color:;height: 10px\" class=\"nicdark_section  \"><\/div> <h4 style=\"color:#878787;padding:px;text-align:center;font-size:15px;line-height:15px;letter-spacing: 2px;font-weight:lighter\" class=\"   nd_options_second_font \">DESTINO RELAJANTE<\/h4> [\/vc_column][vc_column width=\u00bb1\/4&#8243; css=\u00bb.vc_custom_1492595624416{border-top-width: 0px !important;border-right-width: 0px !important;border-bottom-width: 0px !important;border-left-width: 0px !important;padding-top: 60px !important;padding-right: 60px !important;padding-bottom: 60px !important;padding-left: 60px !important;}\u00bb]\n    <div style=\"text-align:center\" class=\"nd_options_section\">\n      <img decoding=\"async\" alt=\"\" style=\"width:70px\" class=\" nd_options_margin_0 nd_options_padding_0 \" src=\"https:\/\/goldenniletravel.com\/wp-content\/uploads\/2018\/04\/icon-map.png\">\n    <\/div>\n   <div style=\"background-color:;height: 10px\" class=\"nicdark_section  \"><\/div> <h4 style=\"color:#878787;padding:px;text-align:center;font-size:15px;line-height:15px;letter-spacing: 2px;font-weight:lighter\" class=\"   nd_options_second_font \">ITINERARIOS INCRE\u00cdBLES<\/h4> [\/vc_column][\/vc_row][vc_row full_width=\u00bbstretch_row\u00bb content_placement=\u00bbmiddle\u00bb css=\u00bb.vc_custom_1713961199929{margin-top: 10px !important;margin-bottom: -15px !important;padding-top: 90px !important;padding-bottom: 90px !important;background-image: url(https:\/\/www.goldenniletravel.com\/wp-content\/uploads\/2024\/04\/sky-sunset.jpg?id=2169) !important;background-position: center !important;background-repeat: no-repeat !important;background-size: cover !important;}\u00bb el_class=\u00bbnd_options_vc_parallax_filter_1_3&#8243;][vc_column width=\u00bb1\/2&#8243; css=\u00bb.vc_custom_1485861692786{padding-top: 10px !important;padding-right: 30px !important;padding-bottom: 10px !important;padding-left: 30px !important;}\u00bb][vc_row_inner][vc_column_inner el_class=\u00bbnd_options_padding_20_first_div_important_responsive\u00bb css=\u00bb.vc_custom_1485861394451{padding-top: 40px !important;padding-right: 40px !important;padding-bottom: 40px !important;padding-left: 40px !important;background-color: #ffffff !important;}\u00bb] <p style=\"color:;padding:px;text-align:center;font-size:12px;line-height:12px;letter-spacing: 2px;font-weight:normal\" class=\"   nd_options_second_font \">NUESTROS MEJORES<\/p> <div style=\"background-color:;height: 10px\" class=\"nicdark_section  \"><\/div> <h2 style=\"color:;padding:px;text-align:center;font-size:25px;line-height:25px;letter-spacing: px;font-weight:bold\" class=\"    \">Destinos<\/h2> <div style=\"background-color:;height: 40px\" class=\"nicdark_section  \"><\/div>\n    <div class=\" nd_options_list_component_l1 nd_options_section nd_options_position_relative nd_options_list_about_2 \">\n\n        \n        \n        <div class=\"nd_options_section nd_options_height_15\"><\/div>\n        <div class=\"nd_options_section nd_options_position_relative\">\n            <div class=\"nd_options_position_absolute nd_options_height_3 nd_options_width_100_percentage nd_options_bottom_2 nd_options_border_bottom_2_dotted_grey\"><\/div>\n            <h4 class=\"  nd_options_bg_white nd_options_float_left nd_options_position_relative nd_options_padding_right_10\"><strong>Egipto<\/strong><\/h4>\n            <h4 class=\"nd_options_bg_white nd_options_float_right nd_options_position_relative nd_options_padding_left_10\"><strong><\/strong><\/h4>\n        <\/div>\n        <div class=\"nd_options_section nd_options_height_10\"><\/div>\n        <div class=\"nd_options_section\">\n            <p class=\"  nd_options_font_weight_lighter nd_options_float_left\">Donde alguna vez gobernaron los faraones y nacieron las leyendas.<\/p>\n            <p style=\"background-color:\" class=\" nd_options_color_grey nd_options_border_1_solid_grey nd_options_display_inline_block nd_options_first_font nd_options_padding_5_10 nd_options_border_radius_15 nd_options_float_right nd_options_font_size_13\"><\/p>\n        <\/div>\n    <\/div>\n  <div style=\"background-color:;height: 10px\" class=\"nicdark_section  \"><\/div>\n    <div class=\" nd_options_list_component_l1 nd_options_section nd_options_position_relative nd_options_list_about_2 \">\n\n        \n        \n        <div class=\"nd_options_section nd_options_height_15\"><\/div>\n        <div class=\"nd_options_section nd_options_position_relative\">\n            <div class=\"nd_options_position_absolute nd_options_height_3 nd_options_width_100_percentage nd_options_bottom_2 nd_options_border_bottom_2_dotted_grey\"><\/div>\n            <h4 class=\"  nd_options_bg_white nd_options_float_left nd_options_position_relative nd_options_padding_right_10\"><strong>Dub\u00e1i<\/strong><\/h4>\n            <h4 class=\"nd_options_bg_white nd_options_float_right nd_options_position_relative nd_options_padding_left_10\"><strong><\/strong><\/h4>\n        <\/div>\n        <div class=\"nd_options_section nd_options_height_10\"><\/div>\n        <div class=\"nd_options_section\">\n            <p class=\"  nd_options_font_weight_lighter nd_options_float_left\">Deja que la magia te cautive en cada deslumbrante momento.<\/p>\n            <p style=\"background-color:\" class=\" nd_options_color_grey nd_options_border_1_solid_grey nd_options_display_inline_block nd_options_first_font nd_options_padding_5_10 nd_options_border_radius_15 nd_options_float_right nd_options_font_size_13\"><\/p>\n        <\/div>\n    <\/div>\n  <div style=\"background-color:;height: 10px\" class=\"nicdark_section  \"><\/div>\n    <div class=\" nd_options_list_component_l1 nd_options_section nd_options_position_relative nd_options_list_about_2 \">\n\n        \n        \n        <div class=\"nd_options_section nd_options_height_15\"><\/div>\n        <div class=\"nd_options_section nd_options_position_relative\">\n            <div class=\"nd_options_position_absolute nd_options_height_3 nd_options_width_100_percentage nd_options_bottom_2 nd_options_border_bottom_2_dotted_grey\"><\/div>\n            <h4 class=\"  nd_options_bg_white nd_options_float_left nd_options_position_relative nd_options_padding_right_10\"><strong>Turqu\u00eda<\/strong><\/h4>\n            <h4 class=\"nd_options_bg_white nd_options_float_right nd_options_position_relative nd_options_padding_left_10\"><strong><\/strong><\/h4>\n        <\/div>\n        <div class=\"nd_options_section nd_options_height_10\"><\/div>\n        <div class=\"nd_options_section\">\n            <p class=\"  nd_options_font_weight_lighter nd_options_float_left\">Desde las majestuosas monta\u00f1as hasta las aguas azules.<\/p>\n            <p style=\"background-color:\" class=\" nd_options_color_grey nd_options_border_1_solid_grey nd_options_display_inline_block nd_options_first_font nd_options_padding_5_10 nd_options_border_radius_15 nd_options_float_right nd_options_font_size_13\"><\/p>\n        <\/div>\n    <\/div>\n  [\/vc_column_inner][\/vc_row_inner][\/vc_column][vc_column width=\u00bb1\/2&#8243; css=\u00bb.vc_custom_1485861709087{padding-top: 10px !important;padding-right: 30px !important;padding-bottom: 10px !important;padding-left: 30px !important;}\u00bb][vc_row_inner css=\u00bb.vc_custom_1713959952806{background-image: url(https:\/\/www.goldenniletravel.com\/wp-content\/uploads\/2024\/04\/egypt-pyramids.jpg?id=2163) !important;background-position: center !important;background-repeat: no-repeat !important;background-size: cover !important;}\u00bb][vc_column_inner el_class=\u00bbnd_options_text_align_center\u00bb css=\u00bb.vc_custom_1722514093760{background-image: url(https:\/\/www.goldenniletravel.com\/wp-content\/uploads\/2024\/08\/Egypt-Pyramids-Golden-Nile.jpg?id=2243) !important;background-position: center !important;background-repeat: no-repeat !important;background-size: cover !important;}\u00bb]<div style=\"background-color:;height: 159px\" class=\"nicdark_section  \"><\/div>\n\n    <div class=\"  nd_options_section\">\n        \n    \n        <a class=\" nd_options_outline_0 nd_options_mpopup_iframe\" href=\"https:\/\/vimeo.com\/938604457?share=copy\" target=\"_blank\" rel=\"noopener\">\n            <img decoding=\"async\" width=\"70px\" alt=\"\" class=\"nd_options_transition_all_08_ease nd_options_opacity_05_hover\" src=\"https:\/\/goldenniletravel.com\/wp-content\/uploads\/2018\/04\/icon-play.png\">\n        <\/a>\n\n        \n    <\/div>   \n\n<div style=\"background-color:;height: 159px\" class=\"nicdark_section  \"><\/div>[\/vc_column_inner][\/vc_row_inner][\/vc_column][\/vc_row]<\/p>\n<\/div>","protected":false},"excerpt":{"rendered":"<p>[vc_row css=\u00bb.vc_custom_1721231060886{margin-top: 50px !important;}\u00bb][vc_column width=\u00bb2\/3&#8243;][vc_column_text css=\u00bb\u00bb] Golden Nile es una empresa l\u00edder de turismo, enfocada en el mercado iberoamericano y espa\u00f1ol, que ofrece servicios tur\u00edsticos de alta calidad, basados en la perfecci\u00f3n y la satisfacci\u00f3n de nuestros pasajeros. Nuestra filosof\u00eda es ser \u00abtotalmente diferente\u00bb. Contamos con oficinas propias en Oriente Medio para ofrecer servicios tur\u00edsticos [&hellip;]<\/p>\n","protected":false},"author":1,"featured_media":0,"parent":0,"menu_order":0,"comment_status":"closed","ping_status":"closed","template":"","meta":{"footnotes":""},"class_list":["post-3262","page","type-page","status-publish","hentry"],"_links":{"self":[{"href":"https:\/\/goldenniletravel.com\/es\/wp-json\/wp\/v2\/pages\/3262","targetHints":{"allow":["GET"]}}],"collection":[{"href":"https:\/\/goldenniletravel.com\/es\/wp-json\/wp\/v2\/pages"}],"about":[{"href":"https:\/\/goldenniletravel.com\/es\/wp-json\/wp\/v2\/types\/page"}],"author":[{"embeddable":true,"href":"https:\/\/goldenniletravel.com\/es\/wp-json\/wp\/v2\/users\/1"}],"replies":[{"embeddable":true,"href":"https:\/\/goldenniletravel.com\/es\/wp-json\/wp\/v2\/comments?post=3262"}],"version-history":[{"count":19,"href":"https:\/\/goldenniletravel.com\/es\/wp-json\/wp\/v2\/pages\/3262\/revisions"}],"predecessor-version":[{"id":3604,"href":"https:\/\/goldenniletravel.com\/es\/wp-json\/wp\/v2\/pages\/3262\/revisions\/3604"}],"wp:attachment":[{"href":"https:\/\/goldenniletravel.com\/es\/wp-json\/wp\/v2\/media?parent=3262"}],"curies":[{"name":"wp","href":"https:\/\/api.w.org\/{rel}","templated":true}]}}